{"id":2479,"date":"2017-03-21T22:46:13","date_gmt":"2017-03-21T21:46:13","guid":{"rendered":"http:\/\/guineetp.com\/?page_id=2479"},"modified":"2019-12-07T07:35:23","modified_gmt":"2019-12-07T06:35:23","slug":"projets","status":"publish","type":"page","link":"https:\/\/guineetp.com\/index.php\/projets\/","title":{"rendered":"Nos Projets"},"content":{"rendered":"<p>[vc_row][vc_column width=\u00a0\u00bb1\/3&Prime;][vc_images_carousel images=\u00a0\u00bb2992,2991,2990,2997,2996,2995,2994,2993&Prime; img_size=\u00a0\u00bb350&#215;200&Prime;][vc_column_text]<\/p>\n<p style=\"text-align: center;\"><strong><span style=\"color: #000000; font-family: Calibri;\">Construction de massif de disjoncteurs HTB dans les postes 110 kV de Mamou et de Grandes Chutes<\/span><\/strong><\/p>\n<p>[\/vc_column_text][\/vc_column][vc_column width=\u00a0\u00bb1\/3&Prime;][vc_images_carousel images=\u00a0\u00bb2908,2907,2906&Prime; img_size=\u00a0\u00bb350&#215;200&Prime;][vc_column_text]<\/p>\n<p style=\"text-align: center;\"><strong>Installation des sectionneurs IACM sur les r\u00e9seaux d&rsquo;exploitation r\u00e9gional (Bok\u00e9, Kindia, Lab\u00e9, Dabola et Dinguiraye) : EDG<\/strong><\/p>\n<p>[\/vc_column_text][\/vc_column][vc_column width=\u00a0\u00bb1\/3&Prime;][vc_images_carousel images=\u00a0\u00bb2988,2987,2986,2985,2984,2983,2982,2981,3004,3005&Prime; img_size=\u00a0\u00bb350&#215;200&Prime;][vc_column_text]<\/p>\n<p style=\"text-align: center;\"><strong>Alimentation de l\u2019Usine d\u2019eau de Barry et Fr\u00e8res \u00e0 Tombolia\u00a0: construction de ligne MT, pose transformateur de 160 kVA et accessoires de protection et de commande<\/strong><\/p>\n<p>[\/vc_column_text][\/vc_column][\/vc_row][vc_row][vc_column][vc_column_text]<\/p>\n<p style=\"text-align: center;\"><strong>Travaux d&rsquo;am\u00e9lioration des MALT des pyl\u00f4nes de la ligne double terne 110 kV : Tron\u00e7on Grande chute &#8211; Kindia et Kindia &#8211; Linsan<\/strong><\/p>\n<p>[\/vc_column_text][\/vc_column][vc_column width=\u00a0\u00bb1\/3&Prime;][vc_images_carousel images=\u00a0\u00bb2487&Prime; img_size=\u00a0\u00bb350&#215;200&Prime;][vc_column_text]<\/p>\n<p style=\"text-align: center;\"><strong><span style=\"color: #000000; font-family: Calibri;\">Projet de Branchement des Clients et de la Pose des Compteurs Electrom\u00e9caniques dans les zones du P.E.R (Projet d&rsquo;Electrification Rurale : Wonkifong, Toguiron, Mangatta, Moribayah, Maferinyah, Fandi\u00e9, Kouria et Tan\u00e8n\u00e8)<\/span><\/strong><\/p>\n<p>[\/vc_column_text][\/vc_column][vc_column width=\u00a0\u00bb1\/3&Prime;][vc_images_carousel images=\u00a0\u00bb2766,2765,2764,2763,2762,2767,2768,2769,2770,2773,3000,2999,2998&Prime; img_size=\u00a0\u00bb350&#215;200&Prime;][vc_column_text]<\/p>\n<p style=\"text-align: center;\">Travaux de d\u00e9doublement de la ligne d&rsquo;alimentation de l&rsquo;usine LafargeHolcim de Guin\u00e9e \u00e0 partir du poste source de Lansanayah y compris la construction et l&rsquo;\u00e9quipement d&rsquo;un poste cabine de protection<\/p>\n<p>[\/vc_column_text][\/vc_column][\/vc_row][vc_row][vc_column width=\u00a0\u00bb1\/3&Prime;][vc_images_carousel images=\u00a0\u00bb2487,2409,2412,2414,2456,2485,2960,2943,2944,2945,2946,2947,2966,2935,2936,2938,2939,2934&Prime; img_size=\u00a0\u00bb350&#215;200&Prime;][vc_column_text]<\/p>\n<p style=\"text-align: center;\"><strong>PER : Projet d&rsquo;Electrification Rurale (Wonkifong, Toguiron, Mangatta, Moribayah, Maferinyah, Fandi\u00e9, Kouria,) avec RMT (25km de ligne Mixte et 45 km de ligne BT, 19 postes H61 et 17 IACM<\/strong><\/p>\n<p>[\/vc_column_text][\/vc_column][vc_column width=\u00a0\u00bb1\/3&Prime;][vc_images_carousel images=\u00a0\u00bb2722,2721,2720,2496,2458&Prime; img_size=\u00a0\u00bb350&#215;200&Prime;][vc_column_text]<\/p>\n<p style=\"text-align: center;\"><strong>R\u00e9habilitation et extension des r\u00e9seaux \u00e9lectriques de la ville de Kindia avec KAMA-SA (55 km de ligne Mixte et 60 km de ligne BT,\u00a0\u00a0\u00a0\u00a0\u00a0\u00a0\u00a0 61 postes H61 et 25 IACM)<\/strong><\/p>\n<p>[\/vc_column_text][\/vc_column][vc_column width=\u00a0\u00bb1\/3&Prime;][vc_images_carousel images=\u00a0\u00bb2487,2924,2923,2922,2921,2920,2919,2914,2913,2915,2916,2917,2918&Prime; img_size=\u00a0\u00bb350&#215;200&Prime;][vc_column_text]<\/p>\n<p style=\"text-align: center;\"><strong><span style=\"color: #000000; font-family: Calibri;\">PREREC-2 : Alimentation en MT des Postes NP 009, NP 010, NP 034 et NP035 avec RMT<\/span><\/strong><\/p>\n<p>[\/vc_column_text][\/vc_column][\/vc_row][vc_row][vc_column width=\u00a0\u00bb1\/3&Prime;][vc_images_carousel images=\u00a0\u00bb2487&Prime; img_size=\u00a0\u00bb350&#215;200&Prime;][vc_column_text]<\/p>\n<p style=\"text-align: center;\"><strong>PREREC-1 : Projet R\u00e9habilitation et d&rsquo;Extension des R\u00e9seaux Electriques de la Ville de Conakry Phase\u00a01 avec RMT (Alimentation en MT de 49 Postes cabines \u00e0 Ratoma)<\/strong><\/p>\n<p>[\/vc_column_text][\/vc_column][vc_column width=\u00a0\u00bb1\/3&Prime;][vc_images_carousel images=\u00a0\u00bb2909,2973,2974,2975,2977,2969,2970,2971,2972,2387,2365,2378&Prime; img_size=\u00a0\u00bb350&#215;200&Prime;][vc_column_text]<\/p>\n<p style=\"text-align: center;\"><strong>Projet de mise en conformit\u00e9 de 28 postes dans la zone de Ratoma (Lot 6 : zone de Yembeya) avec l&rsquo;EDG<\/strong><\/p>\n<p>[\/vc_column_text][\/vc_column][vc_column width=\u00a0\u00bb1\/3&Prime;][vc_images_carousel images=\u00a0\u00bb2488,2409,2599&Prime; img_size=\u00a0\u00bb350&#215;200&Prime;][vc_column_text]<\/p>\n<p style=\"text-align: center;\"><strong>Construction de 500 ml de ligne 20kV avec injection d&rsquo;un transfo de 100 kVA pour l\u2019alimentation de la base vie de l&rsquo;ONG ALIMA \u00e0 Maferinyah Mars 2017<\/strong><\/p>\n<p>[\/vc_column_text][\/vc_column][\/vc_row][vc_row][vc_column width=\u00a0\u00bb1\/3&Prime;][vc_images_carousel images=\u00a0\u00bb2487&Prime; img_size=\u00a0\u00bb350&#215;200&Prime;][vc_column_text]<\/p>\n<p style=\"text-align: center;\"><strong>Construction de 1,5 km de ligne 20kV avec injection d&rsquo;un transfo de 160 kVA pour l\u2019alimentation du bureau National de SOS sis \u00e0 Yattayah \/ Ckry,\u00a0 D\u00e9cembre 2015<\/strong><\/p>\n<p>[\/vc_column_text][\/vc_column][vc_column width=\u00a0\u00bb1\/3&Prime;][vc_images_carousel images=\u00a0\u00bb2487&Prime; img_size=\u00a0\u00bb350&#215;200&Prime;][vc_column_text]<\/p>\n<p style=\"text-align: center;\"><strong>Extension et r\u00e9habilitation des r\u00e9seaux de distribution \u00e9lectrique de Conakry (Zone de Matoto) avec K2R Energy<\/strong><\/p>\n<p>[\/vc_column_text][\/vc_column][vc_column width=\u00a0\u00bb1\/3&Prime;][vc_images_carousel images=\u00a0\u00bb2487&Prime; img_size=\u00a0\u00bb350&#215;200&Prime;][vc_column_text]<\/p>\n<p style=\"text-align: center;\"><strong>Cr\u00e9ation de quatre (4) nouveaux d\u00e9parts MT sur le r\u00e9seau de distribution de Conakry, Lot4: Jonction Tombolia-Sonfonia<\/strong><\/p>\n<p>[\/vc_column_text][\/vc_column][\/vc_row][vc_column width=\u00a0\u00bb1\/3&Prime;][vc_images_carousel images=\u00a0\u00bb2841,2849,2838,2819,2825,2812,2799,2782&Prime; img_size=\u00a0\u00bb350&#215;200&Prime;][vc_column_text]<\/p>\n<p style=\"text-align: center;\"><strong><span style=\"color: #000000; font-family: Calibri;\">Projet de d\u00e9placement de la ligne HTA alimentant Kamsar Village au compte de la C.B.G dans le cadre du Projet Multi-User<\/span><\/strong><\/p>\n<p>[\/vc_column_text][\/vc_column][vc_column width=\u00a0\u00bb1\/3&Prime;][vc_images_carousel images=\u00a0\u00bb2886,2894,2902,2901,2893,2892,2883,2884,2873,2887,2889,2897,2868,2866,2863,2861&Prime; img_size=\u00a0\u00bb350&#215;200&Prime;][vc_column_text]<\/p>\n<p style=\"text-align: center;\"><strong><span style=\"color: #000000; font-family: Calibri;\">Fourniture des meubles et \u00e9quipements scolaires pour le nouveau coll\u00e8ge de\u00a0 Sangoyah \/ Matoto (Conakry)<\/span><\/strong><\/p>\n<p>[\/vc_column_text][\/vc_column]<\/p>\n","protected":false},"excerpt":{"rendered":"<p>[vc_row][vc_column width=\u00a0\u00bb1\/3&Prime;][vc_images_carousel images=\u00a0\u00bb2992,2991,2990,2997,2996,2995,2994,2993&Prime; img_size=\u00a0\u00bb350&#215;200&Prime;][vc_column_text] Construction de massif de disjoncteurs HTB dans les postes 110 kV de Mamou et de Grandes Chutes [\/vc_column_text][\/vc_column][vc_column width=\u00a0\u00bb1\/3&Prime;][vc_images_carousel images=\u00a0\u00bb2908,2907,2906&Prime; img_size=\u00a0\u00bb350&#215;200&Prime;][vc_column_text] Installation des sectionneurs IACM sur les r\u00e9seaux d&rsquo;exploitation r\u00e9gional (Bok\u00e9, Kindia, Lab\u00e9, Dabola et Dinguiraye) : EDG [\/vc_column_text][\/vc_column][vc_column width=\u00a0\u00bb1\/3&Prime;][vc_images_carousel images=\u00a0\u00bb2988,2987,2986,2985,2984,2983,2982,2981,3004,3005&Prime; img_size=\u00a0\u00bb350&#215;200&Prime;][vc_column_text] Alimentation de l\u2019Usine d\u2019eau de Barry et Fr\u00e8res \u00e0 [&hellip;]<\/p>\n","protected":false},"author":1,"featured_media":0,"parent":0,"menu_order":0,"comment_status":"closed","ping_status":"closed","template":"","meta":[],"_links":{"self":[{"href":"https:\/\/guineetp.com\/index.php\/wp-json\/wp\/v2\/pages\/2479"}],"collection":[{"href":"https:\/\/guineetp.com\/index.php\/wp-json\/wp\/v2\/pages"}],"about":[{"href":"https:\/\/guineetp.com\/index.php\/wp-json\/wp\/v2\/types\/page"}],"author":[{"embeddable":true,"href":"https:\/\/guineetp.com\/index.php\/wp-json\/wp\/v2\/users\/1"}],"replies":[{"embeddable":true,"href":"https:\/\/guineetp.com\/index.php\/wp-json\/wp\/v2\/comments?post=2479"}],"version-history":[{"count":117,"href":"https:\/\/guineetp.com\/index.php\/wp-json\/wp\/v2\/pages\/2479\/revisions"}],"predecessor-version":[{"id":3032,"href":"https:\/\/guineetp.com\/index.php\/wp-json\/wp\/v2\/pages\/2479\/revisions\/3032"}],"wp:attachment":[{"href":"https:\/\/guineetp.com\/index.php\/wp-json\/wp\/v2\/media?parent=2479"}],"curies":[{"name":"wp","href":"https:\/\/api.w.org\/{rel}","templated":true}]}}