{"id":2294,"date":"2016-10-14T18:59:47","date_gmt":"2016-10-14T16:59:47","guid":{"rendered":"http:\/\/guineetp.com\/?page_id=2294"},"modified":"2019-12-07T07:39:08","modified_gmt":"2019-12-07T06:39:08","slug":"gtp-contact","status":"publish","type":"page","link":"https:\/\/guineetp.com\/index.php\/gtp-contact\/","title":{"rendered":"Contact"},"content":{"rendered":"<p>[vc_row css=\u00a0\u00bb.vc_custom_1443177632481{margin-bottom: 70px !important;}\u00a0\u00bb][vc_column width=\u00a0\u00bb1\/3&Prime;][vc_column_text]<\/p>\n<h2>POUR NOUS CONTACTER<\/h2>\n<p>[\/vc_column_text][vc_row_inner css=\u00a0\u00bb.vc_custom_1443177442599{margin-bottom: 20px !important;}\u00a0\u00bb el_class=\u00a0\u00bbcall-us\u00a0\u00bb][vc_column_inner width=\u00a0\u00bb1\/6&Prime; offset=\u00a0\u00bbvc_col-xs-2&Prime;][thememove_icon icon_fontawesome=\u00a0\u00bbfa fa-phone\u00a0\u00bb font_size=\u00a0\u00bb18&Prime; font_color=\u00a0\u00bb#111111&Prime;][\/vc_column_inner][vc_column_inner width=\u00a0\u00bb5\/6&Prime; offset=\u00a0\u00bbvc_col-xs-10&Prime;][vc_custom_heading text=\u00a0\u00bb+224 622907070\/657 131512&Prime; font_container=\u00a0\u00bbtag:h2|font_size:20|text_align:left|color:%23111111&Prime; use_theme_fonts=\u00a0\u00bbyes\u00a0\u00bb][vc_custom_heading text=\u00a0\u00bbcontact@guineetp.com\u00a0\u00bb font_container=\u00a0\u00bbtag:p|font_size:14|text_align:left|color:%23111111&Prime; use_theme_fonts=\u00a0\u00bbyes\u00a0\u00bb][\/vc_column_inner][vc_column_inner][\/vc_column_inner][\/vc_row_inner][vc_row_inner el_class=\u00a0\u00bbcall-us\u00a0\u00bb][vc_column_inner width=\u00a0\u00bb1\/6&Prime; offset=\u00a0\u00bbvc_col-xs-2&Prime;][thememove_icon icon_fontawesome=\u00a0\u00bbfa fa-home\u00a0\u00bb font_size=\u00a0\u00bb18&Prime; font_color=\u00a0\u00bb#111111&Prime;][\/vc_column_inner][vc_column_inner width=\u00a0\u00bb5\/6&Prime; offset=\u00a0\u00bbvc_col-xs-10&Prime;][vc_custom_heading text=\u00a0\u00bbAlmamyah pr\u00e8s de la Mosqu\u00e9e Almamyah et de l&rsquo;H\u00f4tel M&rsquo;Lys\u00a0\u00bb font_container=\u00a0\u00bbtag:h2|font_size:20|text_align:left|color:%23111111&Prime; use_theme_fonts=\u00a0\u00bbyes\u00a0\u00bb][vc_custom_heading text=\u00a0\u00bbC\/ Kaloum, BP : 5025 Conakry, Guin\u00e9e\u00a0\u00bb font_container=\u00a0\u00bbtag:p|font_size:14|text_align:left|color:%23111111&Prime; use_theme_fonts=\u00a0\u00bbyes\u00a0\u00bb][\/vc_column_inner][\/vc_row_inner][\/vc_column][vc_column width=\u00a0\u00bb2\/3&Prime;][thememove_gmaps address=\u00a0\u00bb9.512106, -13.712359&Prime; map_style=\u00a0\u00bbstyle2&Prime; marker_icon=\u00a0\u00bb2477&Prime;][\/thememove_gmaps][vc_empty_space height=\u00a0\u00bb20&Prime;]\n<div class=\"wpcf7 no-js\" id=\"wpcf7-f1180-o1\" lang=\"en-US\" dir=\"ltr\">\n<div class=\"screen-reader-response\"><p role=\"status\" aria-live=\"polite\" aria-atomic=\"true\"><\/p> <ul><\/ul><\/div>\n<form action=\"\/index.php\/wp-json\/wp\/v2\/pages\/2294#wpcf7-f1180-o1\" method=\"post\" class=\"wpcf7-form init\" aria-label=\"Contact form\" novalidate=\"novalidate\" data-status=\"init\">\n<div style=\"display: none;\">\n<input type=\"hidden\" name=\"_wpcf7\" value=\"1180\" \/>\n<input type=\"hidden\" name=\"_wpcf7_version\" value=\"5.7.6\" \/>\n<input type=\"hidden\" name=\"_wpcf7_locale\" value=\"en_US\" \/>\n<input type=\"hidden\" name=\"_wpcf7_unit_tag\" value=\"wpcf7-f1180-o1\" \/>\n<input type=\"hidden\" name=\"_wpcf7_container_post\" value=\"0\" \/>\n<input type=\"hidden\" name=\"_wpcf7_posted_data_hash\" value=\"\" \/>\n<\/div>\n<div class=\"form2\">\n\t<div class=\"row\">\n\t\t<div class=\"col-sm-6\">\n\t\t\t<p><span class=\"wpcf7-form-control-wrap\" data-name=\"your-name\"><input size=\"40\" class=\"wpcf7-form-control wpcf7-text wpcf7-validates-as-required\" aria-required=\"true\" aria-invalid=\"false\" placeholder=\"Votre nom\" value=\"\" type=\"text\" name=\"your-name\" \/><\/span><br \/>\n<span class=\"wpcf7-form-control-wrap\" data-name=\"your-subject\"><input size=\"40\" class=\"wpcf7-form-control wpcf7-text wpcf7-validates-as-required\" aria-required=\"true\" aria-invalid=\"false\" placeholder=\"Objet\" value=\"\" type=\"text\" name=\"your-subject\" \/><\/span>\n\t\t\t<\/p>\n\t\t<\/div>\n\t\t<div class=\"col-sm-6\">\n\t\t\t<p><span class=\"wpcf7-form-control-wrap\" data-name=\"your-email\"><input size=\"40\" class=\"wpcf7-form-control wpcf7-text wpcf7-email wpcf7-validates-as-required wpcf7-validates-as-email\" aria-required=\"true\" aria-invalid=\"false\" placeholder=\"Votre Email\" value=\"\" type=\"email\" name=\"your-email\" \/><\/span><br \/>\n<span class=\"wpcf7-form-control-wrap\" data-name=\"your-phone\"><input size=\"40\" class=\"wpcf7-form-control wpcf7-text\" aria-invalid=\"false\" placeholder=\"T\u00e9l\u00e9phone\" value=\"\" type=\"text\" name=\"your-phone\" \/><\/span>\n\t\t\t<\/p>\n\t\t<\/div>\n\t\t<div class=\"col-sm-12\">\n\t\t\t<p><span class=\"wpcf7-form-control-wrap\" data-name=\"your-message\"><textarea cols=\"40\" rows=\"10\" class=\"wpcf7-form-control wpcf7-textarea\" aria-invalid=\"false\" placeholder=\"Votre message\" name=\"your-message\"><\/textarea><\/span>\n\t\t\t<\/p>\n\t\t<\/div>\n\t\t<div class=\"col-sm-12\">\n\t\t\t<p><input class=\"wpcf7-form-control has-spinner wpcf7-submit\" type=\"submit\" value=\"Envoyer\" \/>\n\t\t\t<\/p>\n\t\t<\/div>\n\t<\/div>\n<\/div><p style=\"display: none !important;\"><label>&#916;<textarea name=\"_wpcf7_ak_hp_textarea\" cols=\"45\" rows=\"8\" maxlength=\"100\"><\/textarea><\/label><input type=\"hidden\" id=\"ak_js_1\" name=\"_wpcf7_ak_js\" value=\"233\"\/><script>document.getElementById( \"ak_js_1\" ).setAttribute( \"value\", ( new Date() ).getTime() );<\/script><\/p><div class=\"wpcf7-response-output\" aria-hidden=\"true\"><\/div>\n<\/form>\n<\/div>\n[\/vc_column][\/vc_row][vc_row full_width=\u00a0\u00bbstretch_row\u00a0\u00bb el_class=\u00a0\u00bbbe-a-piece-of-us middle\u00a0\u00bb css=\u00a0\u00bb.vc_custom_1439191711650{margin-bottom: 0px !important;padding-top: 65px !important;padding-bottom: 68px !important;background-color: #eeeeee !important;}\u00a0\u00bb][vc_column width=\u00a0\u00bb1\/12&Prime; el_class=\u00a0\u00bbcenter\u00a0\u00bb][thememove_icon icon_fontawesome=\u00a0\u00bbfa fa-users\u00a0\u00bb font_size=\u00a0\u00bb26&Prime; font_color=\u00a0\u00bb#111111&Prime;][\/vc_column][vc_column width=\u00a0\u00bb2\/3&Prime; el_class=\u00a0\u00bbcenter-xs start-sm\u00a0\u00bb][vc_custom_heading text=\u00a0\u00bbGUINEE TP\u00a0\u00bb font_container=\u00a0\u00bbtag:h2|font_size:32|text_align:left|color:%231d2736&Prime; use_theme_fonts=\u00a0\u00bbyes\u00a0\u00bb][vc_column_text]Nous travaillons dans les normes requises ![\/vc_column_text][\/vc_column][vc_column width=\u00a0\u00bb1\/4&Prime; el_class=\u00a0\u00bbcenter\u00a0\u00bb][thememove_button text=\u00a0\u00bbPRESENTATION\u00a0\u00bb link=\u00a0\u00bburl:http%3A%2F%2Fguineetp.com%2Findex.php%2Fpresentation%2F|||\u00a0\u00bb][\/vc_column][\/vc_row]<\/p>\n","protected":false},"excerpt":{"rendered":"<p>[vc_row css=\u00a0\u00bb.vc_custom_1443177632481{margin-bottom: 70px !important;}\u00a0\u00bb][vc_column width=\u00a0\u00bb1\/3&Prime;][vc_column_text] POUR NOUS CONTACTER [\/vc_column_text][vc_row_inner css=\u00a0\u00bb.vc_custom_1443177442599{margin-bottom: 20px !important;}\u00a0\u00bb el_class=\u00a0\u00bbcall-us\u00a0\u00bb][vc_column_inner width=\u00a0\u00bb1\/6&Prime; offset=\u00a0\u00bbvc_col-xs-2&Prime;][thememove_icon icon_fontawesome=\u00a0\u00bbfa fa-phone\u00a0\u00bb font_size=\u00a0\u00bb18&Prime; font_color=\u00a0\u00bb#111111&Prime;][\/vc_column_inner][vc_column_inner width=\u00a0\u00bb5\/6&Prime; offset=\u00a0\u00bbvc_col-xs-10&Prime;][vc_custom_heading text=\u00a0\u00bb+224 622907070\/657 131512&Prime; font_container=\u00a0\u00bbtag:h2|font_size:20|text_align:left|color:%23111111&Prime; use_theme_fonts=\u00a0\u00bbyes\u00a0\u00bb][vc_custom_heading text=\u00a0\u00bbcontact@guineetp.com\u00a0\u00bb font_container=\u00a0\u00bbtag:p|font_size:14|text_align:left|color:%23111111&Prime; use_theme_fonts=\u00a0\u00bbyes\u00a0\u00bb][\/vc_column_inner][vc_column_inner][\/vc_column_inner][\/vc_row_inner][vc_row_inner el_class=\u00a0\u00bbcall-us\u00a0\u00bb][vc_column_inner width=\u00a0\u00bb1\/6&Prime; offset=\u00a0\u00bbvc_col-xs-2&Prime;][thememove_icon icon_fontawesome=\u00a0\u00bbfa fa-home\u00a0\u00bb font_size=\u00a0\u00bb18&Prime; font_color=\u00a0\u00bb#111111&Prime;][\/vc_column_inner][vc_column_inner width=\u00a0\u00bb5\/6&Prime; offset=\u00a0\u00bbvc_col-xs-10&Prime;][vc_custom_heading text=\u00a0\u00bbAlmamyah pr\u00e8s de la Mosqu\u00e9e Almamyah et de l&rsquo;H\u00f4tel M&rsquo;Lys\u00a0\u00bb font_container=\u00a0\u00bbtag:h2|font_size:20|text_align:left|color:%23111111&Prime; use_theme_fonts=\u00a0\u00bbyes\u00a0\u00bb][vc_custom_heading text=\u00a0\u00bbC\/ Kaloum, BP : 5025 [&hellip;]<\/p>\n","protected":false},"author":1,"featured_media":0,"parent":0,"menu_order":0,"comment_status":"closed","ping_status":"closed","template":"","meta":[],"_links":{"self":[{"href":"https:\/\/guineetp.com\/index.php\/wp-json\/wp\/v2\/pages\/2294"}],"collection":[{"href":"https:\/\/guineetp.com\/index.php\/wp-json\/wp\/v2\/pages"}],"about":[{"href":"https:\/\/guineetp.com\/index.php\/wp-json\/wp\/v2\/types\/page"}],"author":[{"embeddable":true,"href":"https:\/\/guineetp.com\/index.php\/wp-json\/wp\/v2\/users\/1"}],"replies":[{"embeddable":true,"href":"https:\/\/guineetp.com\/index.php\/wp-json\/wp\/v2\/comments?post=2294"}],"version-history":[{"count":15,"href":"https:\/\/guineetp.com\/index.php\/wp-json\/wp\/v2\/pages\/2294\/revisions"}],"predecessor-version":[{"id":3003,"href":"https:\/\/guineetp.com\/index.php\/wp-json\/wp\/v2\/pages\/2294\/revisions\/3003"}],"wp:attachment":[{"href":"https:\/\/guineetp.com\/index.php\/wp-json\/wp\/v2\/media?parent=2294"}],"curies":[{"name":"wp","href":"https:\/\/api.w.org\/{rel}","templated":true}]}}