{"id":2284,"date":"2016-10-14T17:15:44","date_gmt":"2016-10-14T15:15:44","guid":{"rendered":"http:\/\/guineetp.com\/?page_id=2284"},"modified":"2017-04-07T15:03:35","modified_gmt":"2017-04-07T13:03:35","slug":"nos-services","status":"publish","type":"page","link":"https:\/\/guineetp.com\/index.php\/nos-services\/","title":{"rendered":"Nos Services"},"content":{"rendered":"<p>[vc_row el_class=\u00a0\u00bbprovide-services middle\u00a0\u00bb css=\u00a0\u00bb.vc_custom_1443499891036{margin-bottom: 30px !important;padding-top: 35px !important;}\u00a0\u00bb][vc_column][vc_custom_heading text=\u00a0\u00bbNous fournissons des services professionnels\u00a0\u00bb font_container=\u00a0\u00bbtag:h2|font_size:36|text_align:left|color:%231d2635&Prime; use_theme_fonts=\u00a0\u00bbyes\u00a0\u00bb][vc_column_text]Que vous soyez un particulier, une entreprise ou une structure gouvernementale, nous sommes l\u00e0 pour vous servir et vous accompagner dans vos projets.[\/vc_column_text][\/vc_column][\/vc_row][vc_row el_class=\u00a0\u00bbour-services list-layout\u00a0\u00bb css=\u00a0\u00bb.vc_custom_1443515955943{margin-bottom: 0px !important;border-top-width: 2px !important;border-right-width: 2px !important;border-bottom-width: 1px !important;border-left-width: 2px !important;padding-top: 30px !important;padding-right: 15px !important;padding-bottom: 30px !important;padding-left: 15px !important;border-left-color: #eeeeee !important;border-left-style: solid !important;border-right-color: #eeeeee !important;border-right-style: solid !important;border-top-color: #eeeeee !important;border-top-style: solid !important;border-bottom-color: #eeeeee !important;border-bottom-style: solid !important;}\u00a0\u00bb][vc_column width=\u00a0\u00bb5\/12&Prime;][vc_column_text]<img decoding=\"async\" loading=\"lazy\" class=\"alignnone wp-image-2377 size-full\" src=\"http:\/\/guineetp.com\/wp-content\/uploads\/2016\/10\/Service1.jpg\" width=\"478\" height=\"323\" srcset=\"https:\/\/guineetp.com\/wp-content\/uploads\/2016\/10\/Service1.jpg 478w, https:\/\/guineetp.com\/wp-content\/uploads\/2016\/10\/Service1-300x203.jpg 300w\" sizes=\"(max-width: 478px) 100vw, 478px\" \/>[\/vc_column_text][vc_row_inner][vc_column_inner][thememove_icon type=\u00a0\u00bbrenovation\u00a0\u00bb icon_renovation=\u00a0\u00bbrn-renovation\u00a0\u00bb font_size=\u00a0\u00bb30&Prime; font_color=\u00a0\u00bb#111111&Prime;][vc_custom_heading text=\u00a0\u00bbEtudes\u00a0\u00bb font_container=\u00a0\u00bbtag:h2|font_size:24|text_align:center|color:%23ffffff|line_height:1.2&Prime; use_theme_fonts=\u00a0\u00bbyes\u00a0\u00bb link=\u00a0\u00bburl:http%3A%2F%2Frenovation.thememove.com%2Fservices%2Frenovation%2F|title:Renovation|\u00a0\u00bb][\/vc_column_inner][\/vc_row_inner][\/vc_column][vc_column width=\u00a0\u00bb7\/12&Prime;][vc_row_inner][vc_column_inner width=\u00a0\u00bb7\/12&Prime;][vc_custom_heading text=\u00a0\u00bbEtudes\u00a0\u00bb font_container=\u00a0\u00bbtag:h2|font_size:28|text_align:left|color:%23111111|line_height:1.2&Prime; use_theme_fonts=\u00a0\u00bbyes\u00a0\u00bb css=\u00a0\u00bb.vc_custom_1477571131106{margin-bottom: 30px !important;border-bottom-width: 1px !important;padding-bottom: 30px !important;border-bottom-color: #eeeeee !important;border-bottom-style: solid !important;}\u00a0\u00bb link=\u00a0\u00bburl:http%3A%2F%2Frenovation.thememove.com%2Fservices%2Frenovation%2F|title:Renovation|\u00a0\u00bb][vc_column_text]Notre entreprise compos\u00e9e d&rsquo;ing\u00e9nieurs et de techniciens sp\u00e9cialis\u00e9s apporte \u00e0 nos clients une r\u00e9ponse globale de qualit\u00e9 dans tous leurs domaines d&rsquo;activit\u00e9s. Le bureau d&rsquo;\u00e9tude intervient en avant-projet pour aider \u00e0 d\u00e9finir les besoins du client et \u00e0 le guider dans les nombreux choix techniques qui s&rsquo;offrent \u00e0 lui.[\/vc_column_text][\/vc_column_inner][vc_column_inner width=\u00a0\u00bb1\/12&Prime; offset=\u00a0\u00bbvc_hidden-md vc_hidden-sm vc_hidden-xs\u00a0\u00bb][\/vc_column_inner][vc_column_inner width=\u00a0\u00bb5\/12&Prime; offset=\u00a0\u00bbvc_col-lg-4&Prime;][vc_column_text]<\/p>\n<ul class=\"wrench-list\">\n<li><a href=\"#\">Haute Tension<\/a><\/li>\n<li><a href=\"#\">Moyenne Tension<\/a><\/li>\n<li><a href=\"#\">Basse Tension<\/a><\/li>\n<li><a href=\"#\">Eclairage Public<\/a><\/li>\n<li><a href=\"#\">B\u00e2timents<\/a><\/li>\n<li><a href=\"#\">Pistes Rurales<\/a><\/li>\n<li><a href=\"#\">Dalots<\/a><\/li>\n<li><a href=\"#\">Environnement<\/a><\/li>\n<li><a href=\"#\">Adduction d&rsquo;eau<\/a><\/li>\n<\/ul>\n<p>[\/vc_column_text][\/vc_column_inner][\/vc_row_inner][\/vc_column][\/vc_row][vc_row el_class=\u00a0\u00bbour-services list-layout\u00a0\u00bb css=\u00a0\u00bb.vc_custom_1443523015183{margin-bottom: 0px !important;border-top-width: 1px !important;border-right-width: 2px !important;border-bottom-width: 1px !important;border-left-width: 2px !important;padding-top: 30px !important;padding-right: 15px !important;padding-bottom: 30px !important;padding-left: 15px !important;border-left-color: #eeeeee !important;border-left-style: solid !important;border-right-color: #eeeeee !important;border-right-style: solid !important;border-top-color: #eeeeee !important;border-top-style: solid !important;border-bottom-color: #eeeeee !important;border-bottom-style: solid !important;}\u00a0\u00bb][vc_column width=\u00a0\u00bb5\/12&Prime;][vc_column_text]<img decoding=\"async\" loading=\"lazy\" class=\"alignnone wp-image-2378 size-full\" src=\"http:\/\/guineetp.com\/wp-content\/uploads\/2016\/10\/Service2.jpg\" width=\"478\" height=\"323\" srcset=\"https:\/\/guineetp.com\/wp-content\/uploads\/2016\/10\/Service2.jpg 478w, https:\/\/guineetp.com\/wp-content\/uploads\/2016\/10\/Service2-300x203.jpg 300w\" sizes=\"(max-width: 478px) 100vw, 478px\" \/>[\/vc_column_text][vc_row_inner][vc_column_inner][thememove_icon type=\u00a0\u00bbrenovation\u00a0\u00bb icon_renovation=\u00a0\u00bbrn-electrical\u00a0\u00bb font_size=\u00a0\u00bb30&Prime; font_color=\u00a0\u00bb#111111&Prime;][vc_custom_heading text=\u00a0\u00bbMat\u00e9riels\u00a0\u00bb font_container=\u00a0\u00bbtag:h2|font_size:24|text_align:center|color:%23ffffff|line_height:1.2&Prime; use_theme_fonts=\u00a0\u00bbyes\u00a0\u00bb link=\u00a0\u00bburl:http%3A%2F%2Frenovation.thememove.com%2Fservices%2Felectrical%2F|title:Electrical|\u00a0\u00bb][\/vc_column_inner][\/vc_row_inner][\/vc_column][vc_column width=\u00a0\u00bb7\/12&Prime;][vc_row_inner][vc_column_inner width=\u00a0\u00bb7\/12&Prime;][vc_custom_heading text=\u00a0\u00bbFourniture de mat\u00e9riels\u00a0\u00bb font_container=\u00a0\u00bbtag:h2|font_size:28|text_align:left|color:%23111111|line_height:1.2&Prime; use_theme_fonts=\u00a0\u00bbyes\u00a0\u00bb css=\u00a0\u00bb.vc_custom_1477572033912{margin-bottom: 30px !important;border-bottom-width: 1px !important;padding-bottom: 30px !important;border-bottom-color: #eeeeee !important;border-bottom-style: solid !important;}\u00a0\u00bb link=\u00a0\u00bburl:http%3A%2F%2Frenovation.thememove.com%2Fservices%2Felectrical|title:Electrical|\u00a0\u00bb][vc_column_text]Nous fournissons des mat\u00e9riels des cat\u00e9gories suivantes:<\/p>\n<ul>\n<li>&#8211; Poteaux (b\u00e9ton, bois, m\u00e9tallique)<\/li>\n<li>&#8211; Armements MT et BT<\/li>\n<li>&#8211; Equipements de Protection (Coupe circuit, parafoudre, coffret, Cellule MT<\/li>\n<li>&#8211; Transformateurs<\/li>\n<li>&#8211;\u00a0C\u00e2bles<\/li>\n<li>&#8211; Distribution et gestion de l&rsquo;\u00e9nergie<\/li>\n<li>&#8211; Production d&rsquo;\u00e9nergie<\/li>\n<li>&#8211; Appareillage et contr\u00f4le du b\u00e2timent<\/li>\n<li>&#8211; Eclairage public<\/li>\n<li>&#8211; Conduits et cheminements<\/li>\n<\/ul>\n<p>[\/vc_column_text][\/vc_column_inner][vc_column_inner width=\u00a0\u00bb1\/12&Prime; offset=\u00a0\u00bbvc_hidden-md vc_hidden-sm vc_hidden-xs\u00a0\u00bb][\/vc_column_inner][vc_column_inner width=\u00a0\u00bb5\/12&Prime; offset=\u00a0\u00bbvc_col-lg-4&Prime;][vc_column_text]<\/p>\n<ul class=\"wrench-list\">\n<li><a href=\"#\">Haute Tension<\/a><\/li>\n<li><a href=\"#\">Moyenne Tension<\/a><\/li>\n<li><a href=\"#\">Basse Tension<\/a><\/li>\n<li><a href=\"#\">Eclairage Public<\/a><\/li>\n<li><a href=\"#\">B\u00e2timents<\/a><\/li>\n<li><a href=\"#\">Pistes Rurales<\/a><\/li>\n<li><a href=\"#\">Dalots<\/a><\/li>\n<li><a href=\"#\">Environnement<\/a><\/li>\n<li><a href=\"#\">Adduction d&rsquo;eau<\/a><\/li>\n<\/ul>\n<p>[\/vc_column_text][\/vc_column_inner][\/vc_row_inner][\/vc_column][\/vc_row][vc_row el_class=\u00a0\u00bbour-services list-layout\u00a0\u00bb css=\u00a0\u00bb.vc_custom_1443515955943{margin-bottom: 0px !important;border-top-width: 2px !important;border-right-width: 2px !important;border-bottom-width: 1px !important;border-left-width: 2px !important;padding-top: 30px !important;padding-right: 15px !important;padding-bottom: 30px !important;padding-left: 15px !important;border-left-color: #eeeeee !important;border-left-style: solid !important;border-right-color: #eeeeee !important;border-right-style: solid !important;border-top-color: #eeeeee !important;border-top-style: solid !important;border-bottom-color: #eeeeee !important;border-bottom-style: solid !important;}\u00a0\u00bb][vc_column width=\u00a0\u00bb5\/12&Prime;][vc_column_text]<img decoding=\"async\" loading=\"lazy\" class=\"alignnone wp-image-2380 size-full\" src=\"http:\/\/guineetp.com\/wp-content\/uploads\/2016\/10\/Service3.jpg\" width=\"478\" height=\"323\" srcset=\"https:\/\/guineetp.com\/wp-content\/uploads\/2016\/10\/Service3.jpg 478w, https:\/\/guineetp.com\/wp-content\/uploads\/2016\/10\/Service3-300x203.jpg 300w\" sizes=\"(max-width: 478px) 100vw, 478px\" \/>[\/vc_column_text][vc_row_inner][vc_column_inner][thememove_icon type=\u00a0\u00bbrenovation\u00a0\u00bb icon_renovation=\u00a0\u00bbrn-electrical\u00a0\u00bb font_size=\u00a0\u00bb30&Prime; font_color=\u00a0\u00bb#111111&Prime;][vc_custom_heading text=\u00a0\u00bbR\u00e9alisations\u00a0\u00bb font_container=\u00a0\u00bbtag:h2|font_size:24|text_align:center|color:%23ffffff|line_height:1.2&Prime; use_theme_fonts=\u00a0\u00bbyes\u00a0\u00bb link=\u00a0\u00bburl:http%3A%2F%2Frenovation.thememove.com%2Fservices%2Fpainting%2F|title:Painting|\u00a0\u00bb][\/vc_column_inner][\/vc_row_inner][\/vc_column][vc_column width=\u00a0\u00bb7\/12&Prime;][vc_row_inner][vc_column_inner width=\u00a0\u00bb7\/12&Prime;][vc_custom_heading text=\u00a0\u00bbR\u00e9alisation de travaux\u00a0\u00bb font_container=\u00a0\u00bbtag:h2|font_size:28|text_align:left|color:%23111111|line_height:1.2&Prime; use_theme_fonts=\u00a0\u00bbyes\u00a0\u00bb css=\u00a0\u00bb.vc_custom_1477572142841{margin-bottom: 30px !important;border-bottom-width: 1px !important;padding-bottom: 30px !important;border-bottom-color: #eeeeee !important;border-bottom-style: solid !important;}\u00a0\u00bb link=\u00a0\u00bburl:http%3A%2F%2Frenovation.thememove.com%2Fservices%2Fpainting%2F|title:Painting|\u00a0\u00bb][vc_column_text]Nous r\u00e9alisons des ouvrages et \u00a0des projets:<br \/>\n&#8211; Lignes MT, MT\/BT et BT (levage des supports, Montage des armements, d\u00e9roulage du c\u00e2ble)<br \/>\n&#8211; Poste MT\/BT (Poste H61, poste cabine: pr\u00e9fabriqu\u00e9 ou ma\u00e7onn\u00e9)<br \/>\n&#8211; R\u00e9seaux a\u00e9rien et souterrain MT et BT<br \/>\n&#8211; Equipement des postes MT\/BT<br \/>\n&#8211; Equipement des d\u00e9parts 20Kv et extension des jeux de barre MT[\/vc_column_text][\/vc_column_inner][vc_column_inner width=\u00a0\u00bb1\/12&Prime; offset=\u00a0\u00bbvc_hidden-md vc_hidden-sm vc_hidden-xs\u00a0\u00bb][\/vc_column_inner][vc_column_inner width=\u00a0\u00bb5\/12&Prime; offset=\u00a0\u00bbvc_col-lg-4&Prime;][vc_column_text]<\/p>\n<ul class=\"wrench-list\">\n<li><a href=\"#\">Haute Tension<\/a><\/li>\n<li><a href=\"#\">Moyenne Tension<\/a><\/li>\n<li><a href=\"#\">Basse Tension<\/a><\/li>\n<li><a href=\"#\">Eclairage Public<\/a><\/li>\n<li><a href=\"#\">B\u00e2timents<\/a><\/li>\n<li><a href=\"#\">Pistes Rurales<\/a><\/li>\n<li><a href=\"#\">Dalots<\/a><\/li>\n<li><a href=\"#\">Environnement<\/a><\/li>\n<li><a href=\"#\">Adduction d&rsquo;eau<\/a><\/li>\n<\/ul>\n<p>[\/vc_column_text][\/vc_column_inner][\/vc_row_inner][\/vc_column][\/vc_row][vc_row full_width=\u00a0\u00bbstretch_row\u00a0\u00bb el_class=\u00a0\u00bbbe-a-piece-of-us middle\u00a0\u00bb css=\u00a0\u00bb.vc_custom_1439191711650{margin-bottom: 0px !important;padding-top: 65px !important;padding-bottom: 68px !important;background-color: #eeeeee !important;}\u00a0\u00bb][vc_column width=\u00a0\u00bb1\/12&Prime; el_class=\u00a0\u00bbcenter\u00a0\u00bb][thememove_icon icon_fontawesome=\u00a0\u00bbfa fa-users\u00a0\u00bb font_size=\u00a0\u00bb26&Prime; font_color=\u00a0\u00bb#111111&Prime;][\/vc_column][vc_column width=\u00a0\u00bb2\/3&Prime; el_class=\u00a0\u00bbcenter-xs start-sm\u00a0\u00bb][vc_custom_heading text=\u00a0\u00bbGUINEE TP\u00a0\u00bb font_container=\u00a0\u00bbtag:h2|font_size:32|text_align:left|color:%231d2736&Prime; use_theme_fonts=\u00a0\u00bbyes\u00a0\u00bb][vc_column_text]Nous travaillons dans les normes requises ![\/vc_column_text][\/vc_column][vc_column width=\u00a0\u00bb1\/4&Prime; el_class=\u00a0\u00bbcenter\u00a0\u00bb][thememove_button text=\u00a0\u00bbPRESENTATION\u00a0\u00bb link=\u00a0\u00bburl:http%3A%2F%2Fguineetp.com%2Findex.php%2Fpresentation%2F|||\u00a0\u00bb][\/vc_column][\/vc_row]<\/p>\n","protected":false},"excerpt":{"rendered":"<p>[vc_row el_class=\u00a0\u00bbprovide-services middle\u00a0\u00bb css=\u00a0\u00bb.vc_custom_1443499891036{margin-bottom: 30px !important;padding-top: 35px !important;}\u00a0\u00bb][vc_column][vc_custom_heading text=\u00a0\u00bbNous fournissons des services professionnels\u00a0\u00bb font_container=\u00a0\u00bbtag:h2|font_size:36|text_align:left|color:%231d2635&Prime; use_theme_fonts=\u00a0\u00bbyes\u00a0\u00bb][vc_column_text]Que vous soyez un particulier, une entreprise ou une structure gouvernementale, nous sommes l\u00e0 pour vous servir et vous accompagner dans vos projets.[\/vc_column_text][\/vc_column][\/vc_row][vc_row el_class=\u00a0\u00bbour-services list-layout\u00a0\u00bb css=\u00a0\u00bb.vc_custom_1443515955943{margin-bottom: 0px !important;border-top-width: 2px !important;border-right-width: 2px !important;border-bottom-width: 1px !important;border-left-width: 2px !important;padding-top: 30px !important;padding-right: 15px !important;padding-bottom: 30px [&hellip;]<\/p>\n","protected":false},"author":1,"featured_media":0,"parent":0,"menu_order":0,"comment_status":"closed","ping_status":"closed","template":"","meta":[],"_links":{"self":[{"href":"https:\/\/guineetp.com\/index.php\/wp-json\/wp\/v2\/pages\/2284"}],"collection":[{"href":"https:\/\/guineetp.com\/index.php\/wp-json\/wp\/v2\/pages"}],"about":[{"href":"https:\/\/guineetp.com\/index.php\/wp-json\/wp\/v2\/types\/page"}],"author":[{"embeddable":true,"href":"https:\/\/guineetp.com\/index.php\/wp-json\/wp\/v2\/users\/1"}],"replies":[{"embeddable":true,"href":"https:\/\/guineetp.com\/index.php\/wp-json\/wp\/v2\/comments?post=2284"}],"version-history":[{"count":26,"href":"https:\/\/guineetp.com\/index.php\/wp-json\/wp\/v2\/pages\/2284\/revisions"}],"predecessor-version":[{"id":2597,"href":"https:\/\/guineetp.com\/index.php\/wp-json\/wp\/v2\/pages\/2284\/revisions\/2597"}],"wp:attachment":[{"href":"https:\/\/guineetp.com\/index.php\/wp-json\/wp\/v2\/media?parent=2284"}],"curies":[{"name":"wp","href":"https:\/\/api.w.org\/{rel}","templated":true}]}}